{"id":1569,"date":"2021-06-16T09:33:43","date_gmt":"2021-06-16T09:33:43","guid":{"rendered":"https:\/\/www.eurosort.com\/?post_type=product&#038;p=1569"},"modified":"2025-03-05T08:29:03","modified_gmt":"2025-03-05T08:29:03","slug":"single-push-tray","status":"publish","type":"product","link":"https:\/\/www.eurosort.com\/de\/produkt\/single-push-tray\/","title":{"rendered":"Single Push Tray"},"content":{"rendered":"<p>3,000 bis16,000 Tassen pro Stunde<\/p>\n<p>Exponentiell flexibel, pr\u00e4zise und auf Langlebigkeit ausgelegt, ist der EuroSort Single Push Tray Sortierer leistungsf\u00e4higer, zuverl\u00e4ssiger und platzsparender als jeder andere Push Tray Sortierer auf dem Markt.<\/p>\n","protected":false},"featured_media":0,"template":"","product_category":[],"class_list":["post-1569","product","type-product","status-publish","hentry"],"acf":[],"yoast_head":"<!-- This site is optimized with the Yoast SEO plugin v27.0 - https:\/\/yoast.com\/product\/yoast-seo-wordpress\/ -->\n<title>Single Push Tray | Eurosort<\/title>\n<meta name=\"robots\" content=\"index, follow, max-snippet:-1, max-image-preview:large, max-video-preview:-1\" \/>\n<link rel=\"canonical\" href=\"https:\/\/www.eurosort.com\/de\/produkt\/single-push-tray\/\" \/>\n<meta property=\"og:locale\" content=\"de_DE\" \/>\n<meta property=\"og:type\" content=\"article\" \/>\n<meta property=\"og:title\" content=\"Single Push Tray | Eurosort\" \/>\n<meta property=\"og:description\" content=\"3,000 bis16,000 Tassen pro Stunde Exponentiell flexibel, pr\u00e4zise und auf Langlebigkeit ausgelegt, ist der EuroSort Single Push Tray Sortierer [...]\" \/>\n<meta property=\"og:url\" content=\"https:\/\/www.eurosort.com\/de\/produkt\/single-push-tray\/\" \/>\n<meta property=\"og:site_name\" content=\"Eurosort\" \/>\n<meta property=\"article:modified_time\" content=\"2025-03-05T08:29:03+00:00\" \/>\n<meta name=\"twitter:card\" content=\"summary_large_image\" \/>\n<meta name=\"twitter:label1\" content=\"Gesch\u00e4tzte Lesezeit\" \/>\n\t<meta name=\"twitter:data1\" content=\"1\u00a0Minute\" \/>\n<script type=\"application\/ld+json\" class=\"yoast-schema-graph\">{\"@context\":\"https:\/\/schema.org\",\"@graph\":[{\"@type\":\"WebPage\",\"@id\":\"https:\/\/www.eurosort.com\/de\/produkt\/single-push-tray\/\",\"url\":\"https:\/\/www.eurosort.com\/de\/produkt\/single-push-tray\/\",\"name\":\"Single Push Tray | Eurosort\",\"isPartOf\":{\"@id\":\"https:\/\/www.eurosort.com\/en-gb\/#website\"},\"datePublished\":\"2021-06-16T09:33:43+00:00\",\"dateModified\":\"2025-03-05T08:29:03+00:00\",\"breadcrumb\":{\"@id\":\"https:\/\/www.eurosort.com\/de\/produkt\/single-push-tray\/#breadcrumb\"},\"inLanguage\":\"de\",\"potentialAction\":[{\"@type\":\"ReadAction\",\"target\":[\"https:\/\/www.eurosort.com\/de\/produkt\/single-push-tray\/\"]}]},{\"@type\":\"BreadcrumbList\",\"@id\":\"https:\/\/www.eurosort.com\/de\/produkt\/single-push-tray\/#breadcrumb\",\"itemListElement\":[{\"@type\":\"ListItem\",\"position\":1,\"name\":\"Home\",\"item\":\"https:\/\/www.eurosort.com\/de\/\"},{\"@type\":\"ListItem\",\"position\":2,\"name\":\"Products\",\"item\":\"https:\/\/www.eurosort.com\/product\/\"},{\"@type\":\"ListItem\",\"position\":3,\"name\":\"Single Push Tray\"}]},{\"@type\":\"WebSite\",\"@id\":\"https:\/\/www.eurosort.com\/en-gb\/#website\",\"url\":\"https:\/\/www.eurosort.com\/en-gb\/\",\"name\":\"Eurosort\",\"description\":\"\",\"publisher\":{\"@id\":\"https:\/\/www.eurosort.com\/en-gb\/#organization\"},\"potentialAction\":[{\"@type\":\"SearchAction\",\"target\":{\"@type\":\"EntryPoint\",\"urlTemplate\":\"https:\/\/www.eurosort.com\/en-gb\/?s={search_term_string}\"},\"query-input\":{\"@type\":\"PropertyValueSpecification\",\"valueRequired\":true,\"valueName\":\"search_term_string\"}}],\"inLanguage\":\"de\"},{\"@type\":\"Organization\",\"@id\":\"https:\/\/www.eurosort.com\/en-gb\/#organization\",\"name\":\"Eurosort\",\"url\":\"https:\/\/www.eurosort.com\/en-gb\/\",\"logo\":{\"@type\":\"ImageObject\",\"inLanguage\":\"de\",\"@id\":\"https:\/\/www.eurosort.com\/en-gb\/#\/schema\/logo\/image\/\",\"url\":\"https:\/\/www.eurosort.com\/wp-content\/uploads\/2021\/05\/cropped-Untitled-2.png\",\"contentUrl\":\"https:\/\/www.eurosort.com\/wp-content\/uploads\/2021\/05\/cropped-Untitled-2.png\",\"width\":512,\"height\":512,\"caption\":\"Eurosort\"},\"image\":{\"@id\":\"https:\/\/www.eurosort.com\/en-gb\/#\/schema\/logo\/image\/\"},\"sameAs\":[\"https:\/\/www.youtube.com\/user\/Eurosort\/\",\"https:\/\/www.linkedin.com\/company\/eurosort\"]}]}<\/script>\n<!-- \/ Yoast SEO plugin. -->","yoast_head_json":{"title":"Single Push Tray | Eurosort","robots":{"index":"index","follow":"follow","max-snippet":"max-snippet:-1","max-image-preview":"max-image-preview:large","max-video-preview":"max-video-preview:-1"},"canonical":"https:\/\/www.eurosort.com\/de\/produkt\/single-push-tray\/","og_locale":"de_DE","og_type":"article","og_title":"Single Push Tray | Eurosort","og_description":"3,000 bis16,000 Tassen pro Stunde Exponentiell flexibel, pr\u00e4zise und auf Langlebigkeit ausgelegt, ist der EuroSort Single Push Tray Sortierer [...]","og_url":"https:\/\/www.eurosort.com\/de\/produkt\/single-push-tray\/","og_site_name":"Eurosort","article_modified_time":"2025-03-05T08:29:03+00:00","twitter_card":"summary_large_image","twitter_misc":{"Gesch\u00e4tzte Lesezeit":"1\u00a0Minute"},"schema":{"@context":"https:\/\/schema.org","@graph":[{"@type":"WebPage","@id":"https:\/\/www.eurosort.com\/de\/produkt\/single-push-tray\/","url":"https:\/\/www.eurosort.com\/de\/produkt\/single-push-tray\/","name":"Single Push Tray | Eurosort","isPartOf":{"@id":"https:\/\/www.eurosort.com\/en-gb\/#website"},"datePublished":"2021-06-16T09:33:43+00:00","dateModified":"2025-03-05T08:29:03+00:00","breadcrumb":{"@id":"https:\/\/www.eurosort.com\/de\/produkt\/single-push-tray\/#breadcrumb"},"inLanguage":"de","potentialAction":[{"@type":"ReadAction","target":["https:\/\/www.eurosort.com\/de\/produkt\/single-push-tray\/"]}]},{"@type":"BreadcrumbList","@id":"https:\/\/www.eurosort.com\/de\/produkt\/single-push-tray\/#breadcrumb","itemListElement":[{"@type":"ListItem","position":1,"name":"Home","item":"https:\/\/www.eurosort.com\/de\/"},{"@type":"ListItem","position":2,"name":"Products","item":"https:\/\/www.eurosort.com\/product\/"},{"@type":"ListItem","position":3,"name":"Single Push Tray"}]},{"@type":"WebSite","@id":"https:\/\/www.eurosort.com\/en-gb\/#website","url":"https:\/\/www.eurosort.com\/en-gb\/","name":"Eurosort","description":"","publisher":{"@id":"https:\/\/www.eurosort.com\/en-gb\/#organization"},"potentialAction":[{"@type":"SearchAction","target":{"@type":"EntryPoint","urlTemplate":"https:\/\/www.eurosort.com\/en-gb\/?s={search_term_string}"},"query-input":{"@type":"PropertyValueSpecification","valueRequired":true,"valueName":"search_term_string"}}],"inLanguage":"de"},{"@type":"Organization","@id":"https:\/\/www.eurosort.com\/en-gb\/#organization","name":"Eurosort","url":"https:\/\/www.eurosort.com\/en-gb\/","logo":{"@type":"ImageObject","inLanguage":"de","@id":"https:\/\/www.eurosort.com\/en-gb\/#\/schema\/logo\/image\/","url":"https:\/\/www.eurosort.com\/wp-content\/uploads\/2021\/05\/cropped-Untitled-2.png","contentUrl":"https:\/\/www.eurosort.com\/wp-content\/uploads\/2021\/05\/cropped-Untitled-2.png","width":512,"height":512,"caption":"Eurosort"},"image":{"@id":"https:\/\/www.eurosort.com\/en-gb\/#\/schema\/logo\/image\/"},"sameAs":["https:\/\/www.youtube.com\/user\/Eurosort\/","https:\/\/www.linkedin.com\/company\/eurosort"]}]}},"_links":{"self":[{"href":"https:\/\/www.eurosort.com\/de\/wp-json\/wp\/v2\/product\/1569","targetHints":{"allow":["GET"]}}],"collection":[{"href":"https:\/\/www.eurosort.com\/de\/wp-json\/wp\/v2\/product"}],"about":[{"href":"https:\/\/www.eurosort.com\/de\/wp-json\/wp\/v2\/types\/product"}],"wp:attachment":[{"href":"https:\/\/www.eurosort.com\/de\/wp-json\/wp\/v2\/media?parent=1569"}],"wp:term":[{"taxonomy":"product_category","embeddable":true,"href":"https:\/\/www.eurosort.com\/de\/wp-json\/wp\/v2\/product_category?post=1569"}],"curies":[{"name":"wp","href":"https:\/\/api.w.org\/{rel}","templated":true}]}}